{"id":72,"date":"2025-09-13T17:24:16","date_gmt":"2025-09-13T15:24:16","guid":{"rendered":"https:\/\/lomaro.pl\/?page_id=72"},"modified":"2026-01-31T15:02:40","modified_gmt":"2026-01-31T14:02:40","slug":"meskie-swetry-z-kaszmiru-twoj-codzienny-rytual-elegancji","status":"publish","type":"page","link":"https:\/\/lomaro.pl\/","title":{"rendered":"Chcesz mie\u0107 pi\u0119kny u\u015bmiech"},"content":{"rendered":"\n<h1  data-animation-delay=\"0\" data-animation-duration=\"1\">\n\t\t\t\u2b50PHILIPS SZCZOTECZKA DO Z\u0118B\u00d3W SONICZNA SONICARE\u2b50\t<\/h1>\n\t<p>Szczoteczka soniczna\u00a0<b>Philips Sonicare ProtectiveClean seria 4100<\/b>\u00a0zapewnia wyj\u0105tkowe czyszczenie z\u0119b\u00f3w dzi\u0119ki technologii sonicznej, kt\u00f3ra delikatnie i skutecznie usuwa p\u0142ytk\u0119 naz\u0119bn\u0105.<\/p>\n<p>Szczoteczka o wodoodpornej konstrukcji IPX7 mo\u017ce by\u0107 \u0142atwo myta pod bie\u017c\u0105c\u0105 wod\u0105. Klasa IPX7 oznacza, \u017ce urz\u0105dzenie mo\u017cna zanurzy\u0107 w wodzie na g\u0142\u0119boko\u015b\u0107 1 metra przez maksymalnie 30 minut.<\/p>\n\t\t\t\t<img decoding=\"async\" src=\"https:\/\/lite.demos.wpbeaverbuilder.com\/wp-content\/uploads\/sites\/28\/2020\/02\/photo-1487412720507-e7ab37603c6f-768x768-2.jpg\" alt=\"\" itemprop=\"image\" onerror=\"this.style.display='none'\" loading=\"lazy\" \/>\n\t<b>Karolina<br \/>\n<\/b>Produkt wspania\u0142y!\n<h2>\n\t\t\tBezpieczne i delikatne szczotkowanie we wra\u017cliwych miejscach, aparatach ortodontycznych i wype\u0142nieniach\t<\/h2>\n\t<p>Mo\u017cesz mie\u0107 pewno\u015b\u0107, \u017ce korzystanie ze szczoteczki jest bezpieczne: nasza technologia soniczna jest przystosowana do aparat\u00f3w ortodontycznych, wype\u0142nie\u0144, koron i lakieru. Pomaga zapobiega\u0107 powstawaniu pr\u00f3chnicy i poprawia stan zdrowia jamy ustnej.<\/p>\n\t\t\t\t<img decoding=\"async\" src=\"https:\/\/lomaro.pl\/wp-content\/uploads\/2026\/01\/szczoteczka-philips.webp\" alt=\"szczoteczka philips\" itemprop=\"image\" height=\"536\" width=\"959\" title=\"szczoteczka philips\" onerror=\"this.style.display='none'\" loading=\"lazy\" \/>\n<h2>\n\t\t\tZaawansowana technologia soniczna Philips Sonicare\t<\/h2>\n\t<p>Zaawansowana technologia soniczna Philips Sonicare wt\u0142acza wod\u0119 w szczeliny mi\u0119dzyz\u0119bowe i usuwa p\u0142ytk\u0119 naz\u0119bn\u0105 poci\u0105gni\u0119ciami szczoteczki.<\/p>\n\t\t\t\t<img decoding=\"async\" src=\"https:\/\/lomaro.pl\/wp-content\/uploads\/2026\/01\/1.webp\" alt=\"1\" itemprop=\"image\" height=\"542\" width=\"959\" title=\"1\" onerror=\"this.style.display='none'\" loading=\"lazy\" \/>\n<h2>\n\t\t\tCzujnik ci\u015bnienia pomaga chroni\u0107 z\u0119by i dzi\u0105s\u0142a\t<\/h2>\n\t<p>Wbudowany\u00a0<b>czujnik nacisku<\/b>\u00a0automatycznie\u00a0<b>wykrywa si\u0142\u0119 nacisku<\/b>, ostrzega i automatycznie\u00a0<b>redukuje wibracje<\/b>\u00a0szczoteczki, aby chroni\u0107 dzi\u0105s\u0142a. Szczoteczka wydaje pulsuj\u0105cy d\u017awi\u0119k jako przypomnienie, aby zmniejszy\u0107 nacisk.<\/p>\n\t\t\t\t<img decoding=\"async\" src=\"https:\/\/lomaro.pl\/wp-content\/uploads\/2026\/01\/3.webp\" alt=\"3\" itemprop=\"image\" height=\"367\" width=\"192\" title=\"3\" onerror=\"this.style.display='none'\" loading=\"lazy\" \/>\n<h2>\n\t\t\tPrze\u0142\u0105czaj si\u0119 mi\u0119dzy 2 trybami: Clean i Sensitive\t<\/h2>\n\t<p>Prze\u0142\u0105czaj si\u0119 mi\u0119dzy dwoma trybami, aby szczotkowanie by\u0142o dla Ciebie komfortowe.<\/p>\n\t\t\t\t<img decoding=\"async\" src=\"https:\/\/lomaro.pl\/wp-content\/uploads\/2026\/01\/5.webp\" alt=\"5\" itemprop=\"image\" height=\"226\" width=\"234\" title=\"5\" onerror=\"this.style.display='none'\" loading=\"lazy\" \/>\n<h2>\n\t\t\tZawsze wiedz, kiedy wymieni\u0107 g\u0142\u00f3wk\u0119 szczoteczki\t<\/h2>\n\t<p>Wszystkie g\u0142\u00f3wki szczoteczki z czasem si\u0119 zu\u017cywaj\u0105, wi\u0119c warto mie\u0107 oko na swoj\u0105, aby mie\u0107 pewno\u015b\u0107, \u017ce nadal dobrze czy\u015bcisz. Nasza technologia BrushSync \u015bledzi, jak d\u0142ugo u\u017cywasz g\u0142\u00f3wki szczoteczki i jak mocno szczotkujesz. Przypomnienie o wymianie g\u0142\u00f3wki BrushSync na r\u0105czce i kr\u00f3tki sygna\u0142 d\u017awi\u0119kowy przypominaj\u0105, kiedy nadszed\u0142 czas na jej wymian\u0119.<\/p>\n\t\t\t\t<img decoding=\"async\" src=\"https:\/\/lomaro.pl\/wp-content\/uploads\/2026\/01\/2-1.webp\" alt=\"2\" itemprop=\"image\" height=\"1100\" width=\"1096\" title=\"2\" onerror=\"this.style.display='none'\" loading=\"lazy\" \/>\n<h2>\n\t\t\tSpecyfikacja techniczna:\t<\/h2>\n\t<ul>\n<li><b>Program czyszczenia\u00a0<\/b><b>Clean<\/b>\u00a0&#8211; wyj\u0105tkowa czysto\u015b\u0107 na co dzie\u0144<\/li>\n<li><b>Dwa poziomy intensywno\u015bci<\/b>\u00a0&#8211; pozwol\u0105 na \u0142atwe przej\u015bcie ze szczoteczki manualnej. \u015awietnie sprawdz\u0105 si\u0119 r\u00f3wnie\u017c u os\u00f3b o wra\u017cliwych z\u0119bach<\/li>\n<li><b>Inteligentny dob\u00f3r programu i intensywno\u015bci do rodzaju ko\u0144c\u00f3wki &#8211;<\/b>\u00a0szczoteczka samodzielnie i automatycznie dopasuje program czyszczenia i jego intensywno\u015b\u0107 w zale\u017cno\u015bci od rodzaju u\u017cywanej ko\u0144c\u00f3wki<\/li>\n<li><b>Czujnik si\u0142y nacisku<\/b>\u00a0&#8211; chroni z\u0119by i dzi\u0105s\u0142a przed nadmiernym naciskiem podczas mycia z\u0119b\u00f3w. Szczoteczka zawibruje za ka\u017cdym razem, gdy b\u0119dziesz szczotkowa\u0107 zbyt mocno<\/li>\n<li><b>Zaawansowany Timer\u00a0<\/b>&#8211; szczoteczka odmierzy 2 minuty zalecane przez dentyst\u00f3w, a co 30 sekund zawibruje przypominaj\u0105c o przej\u015bciu do kolejnego obszaru<\/li>\n<li><b>Przypomnienie o wymianie ko\u0144c\u00f3wki\u00a0<\/b>&#8211; dzi\u0119ki temu zawsze osi\u0105gniesz najlepsze efekty mycia z\u0119b\u00f3w. Dedykowana ikona na panelu szczoteczki przypomni o wymianie na czas<\/li>\n<li><b>Liczba ko\u0144c\u00f3wek:<\/b>\u00a01<\/li>\n<li><b>Typ:<\/b>\u00a0Soniczna<\/li>\n<li><b>Seria:<\/b>\u00a0Sonicare<\/li>\n<\/ul>\n\t\t\t\t<img decoding=\"async\" src=\"https:\/\/lomaro.pl\/wp-content\/uploads\/2026\/01\/4.webp\" alt=\"4\" itemprop=\"image\" height=\"690\" width=\"215\" title=\"4\" onerror=\"this.style.display='none'\" loading=\"lazy\" \/>\n<h2>\n\t\t\tCena odpowiednia do jako\u015bci wykonania i trwa\u0142o\u015bci\t<\/h2>\n\t<strong>Oferta ograniczona czasowo<\/strong><br \/>\n<strong>KUP JU\u017b TERAZ<\/strong>\n<p><strong>324,00z\u0142<\/strong><\/p>\n\t\t\t\t<img decoding=\"async\" src=\"https:\/\/lomaro.pl\/wp-content\/uploads\/2026\/01\/philips.webp\" alt=\"philips\" itemprop=\"image\" height=\"245\" width=\"1100\" title=\"philips\" onerror=\"this.style.display='none'\" loading=\"lazy\" \/>\n\n","protected":false},"excerpt":{"rendered":"<p>\u2b50PHILIPS SZCZOTECZKA DO Z\u0118B\u00d3W SONICZNA SONICARE\u2b50 Szczoteczka soniczna\u00a0Philips Sonicare ProtectiveClean seria 4100\u00a0zapewnia wyj\u0105tkowe czyszczenie z\u0119b\u00f3w dzi\u0119ki technologii sonicznej, kt\u00f3ra delikatnie i skutecznie usuwa p\u0142ytk\u0119 naz\u0119bn\u0105. Szczoteczka o wodoodpornej konstrukcji IPX7 mo\u017ce by\u0107 \u0142atwo myta pod bie\u017c\u0105c\u0105 wod\u0105. Klasa IPX7 oznacza, \u017ce urz\u0105dzenie mo\u017cna zanurzy\u0107 w wodzie na g\u0142\u0119boko\u015b\u0107 1 metra przez maksymalnie 30 minut. Karolina<\/p>\n<div class=\"more-link\">\n             <a href=\"https:\/\/lomaro.pl\/\" class=\"link-btn\"><span>Czytaj dalej <\/span><i class=\"icofont-thin-double-right\"><\/i><\/a>\n        <\/div>\n","protected":false},"author":1,"featured_media":0,"parent":0,"menu_order":0,"comment_status":"closed","ping_status":"closed","template":"","meta":{"footnotes":""},"class_list":["post-72","page","type-page","status-publish","hentry"],"_links":{"self":[{"href":"https:\/\/lomaro.pl\/index.php?rest_route=\/wp\/v2\/pages\/72","targetHints":{"allow":["GET"]}}],"collection":[{"href":"https:\/\/lomaro.pl\/index.php?rest_route=\/wp\/v2\/pages"}],"about":[{"href":"https:\/\/lomaro.pl\/index.php?rest_route=\/wp\/v2\/types\/page"}],"author":[{"embeddable":true,"href":"https:\/\/lomaro.pl\/index.php?rest_route=\/wp\/v2\/users\/1"}],"replies":[{"embeddable":true,"href":"https:\/\/lomaro.pl\/index.php?rest_route=%2Fwp%2Fv2%2Fcomments&post=72"}],"version-history":[{"count":6,"href":"https:\/\/lomaro.pl\/index.php?rest_route=\/wp\/v2\/pages\/72\/revisions"}],"predecessor-version":[{"id":138,"href":"https:\/\/lomaro.pl\/index.php?rest_route=\/wp\/v2\/pages\/72\/revisions\/138"}],"wp:attachment":[{"href":"https:\/\/lomaro.pl\/index.php?rest_route=%2Fwp%2Fv2%2Fmedia&parent=72"}],"curies":[{"name":"wp","href":"https:\/\/api.w.org\/{rel}","templated":true}]}}